{"id":257,"date":"2016-05-23T10:30:48","date_gmt":"2016-05-23T08:30:48","guid":{"rendered":"http:\/\/test.kriesi.at\/enfold-health-coach\/?page_id=257"},"modified":"2023-01-12T14:43:00","modified_gmt":"2023-01-12T13:43:00","slug":"services","status":"publish","type":"page","link":"https:\/\/golfshop-erlinghagen.com\/cms_2017\/services\/","title":{"rendered":"Services\/Fitting"},"content":{"rendered":"<\/div><\/div><\/div><!-- close content main div --><\/div><\/div><div id='welcome' class='av-layout-grid-container entry-content-wrapper main_color av-fixed-cells    container_wrap sidebar_right'   >\n<div class=\"flex_cell no_margin av_one_fourth   av-zero-padding \" style='height:15px; min-height:15px;vertical-align:top; padding:0px; background-color:#719430; '><div class='flex_cell_inner' ><\/div><\/div><div class=\"flex_cell no_margin av_one_fourth   av-zero-padding \" style='height:15px; min-height:15px;vertical-align:top; padding:0px; background-color:#92bb46; '><div class='flex_cell_inner' ><\/div><\/div><div class=\"flex_cell no_margin av_one_fourth   av-zero-padding \" style='height:15px; min-height:15px;vertical-align:top; padding:0px; background-color:#acd464; '><div class='flex_cell_inner' ><\/div><\/div><div class=\"flex_cell no_margin av_one_fourth   av-zero-padding \" style='height:15px; min-height:15px;vertical-align:top; padding:0px; background-color:#e1fbb2; '><div class='flex_cell_inner' ><\/div><\/div>\n<\/div>\n<div class=\"flex_column av_one_full  flex_column_div av-zero-column-padding first  \" style='border-radius:0px; '><section class=\"av_textblock_section \"  itemscope=\"itemscope\" itemtype=\"https:\/\/schema.org\/CreativeWork\" ><div class='avia_textblock  '   itemprop=\"text\" ><p style=\"text-align: center;\"><strong><span style=\"font-size: 24px;\">Um ein professionelles Fitting f\u00fchrt kein Weg herum, egal ob Sie Anf\u00e4nger, Fortgeschrittener oder Profi sind.<\/span><\/strong><br \/>\n<strong> <span style=\"font-size: 24px;\"> Finden Sie mit uns Ihre optimale Ausstattung!<\/span><\/strong><\/p>\n<p style=\"text-align: center;\"><span style=\"font-size: 20px;\"><strong><span style=\"color: #000000;\">&#8222;Egal, wie gut du bist, Du kannst immer besser werden&#8220; Tiger Woods<\/span><\/strong><\/span><\/p>\n<p style=\"text-align: center;\"><span style=\"color: #000000;\">In unserem Fitting Center im GC H\u00f6sel haben wir eine gro\u00dfe Auswahl aller Fitting-Komponenten der f\u00fchrenden Hersteller:<\/span><\/p>\n<\/div><\/section><\/div>\n<div class=\"flex_column av_one_fourth  flex_column_div av-zero-column-padding first  \" style='border-radius:0px; '><div class='avia-image-container  av-styling-    avia-align-center '  itemprop=\"ImageObject\" itemscope=\"itemscope\" itemtype=\"https:\/\/schema.org\/ImageObject\"  ><div class='avia-image-container-inner'><div class='avia-image-overlay-wrap'><img class='avia_image ' src='https:\/\/golfshop-erlinghagen.com\/cms_2017\/wp-content\/uploads\/2023\/01\/Callaway-Golf-Logo-Black.jpg' alt='' title='CGBrandLogoLtr' height=\"984\"width=\"1758\"  itemprop=\"thumbnailUrl\"  \/><\/div><\/div><\/div><\/div>\n<div class=\"flex_column av_one_fourth  flex_column_div av-zero-column-padding   \" style='border-radius:0px; '><div class='avia-image-container  av-styling-    avia-align-center '  itemprop=\"ImageObject\" itemscope=\"itemscope\" itemtype=\"https:\/\/schema.org\/ImageObject\"  ><div class='avia-image-container-inner'><div class='avia-image-overlay-wrap'><img class='avia_image ' src='https:\/\/golfshop-erlinghagen.com\/cms_2017\/wp-content\/uploads\/2023\/01\/ping.png' alt='' title='ping' height=\"225\"width=\"225\"  itemprop=\"thumbnailUrl\"  \/><\/div><\/div><\/div><\/div>\n<div class=\"flex_column av_one_fourth  flex_column_div av-zero-column-padding   \" style='border-radius:0px; '><div class='avia-image-container  av-styling-    avia-align-center '  itemprop=\"ImageObject\" itemscope=\"itemscope\" itemtype=\"https:\/\/schema.org\/ImageObject\"  ><div class='avia-image-container-inner'><div class='avia-image-overlay-wrap'><img class='avia_image ' src='https:\/\/golfshop-erlinghagen.com\/cms_2017\/wp-content\/uploads\/2023\/01\/Titleist.png' alt='' title='Titleist' height=\"225\"width=\"225\"  itemprop=\"thumbnailUrl\"  \/><\/div><\/div><\/div><\/div>\n<div class=\"flex_column av_one_fourth  flex_column_div av-zero-column-padding   \" style='border-radius:0px; '><div class='avia-image-container  av-styling-    avia-align-center '  itemprop=\"ImageObject\" itemscope=\"itemscope\" itemtype=\"https:\/\/schema.org\/ImageObject\"  ><div class='avia-image-container-inner'><div class='avia-image-overlay-wrap'><img class='avia_image ' src='https:\/\/golfshop-erlinghagen.com\/cms_2017\/wp-content\/uploads\/2023\/01\/mizuno.png' alt='' title='mizuno' height=\"167\"width=\"302\"  itemprop=\"thumbnailUrl\"  \/><\/div><\/div><\/div><\/div>\n<div class=\"flex_column av_one_fourth  flex_column_div av-zero-column-padding first  \" style='border-radius:0px; '><\/div>\n<div class=\"flex_column av_three_fifth  flex_column_div av-zero-column-padding   \" style='border-radius:0px; '><div class='avia-image-container  av-styling-    avia-align-center '  itemprop=\"ImageObject\" itemscope=\"itemscope\" itemtype=\"https:\/\/schema.org\/ImageObject\"  ><div class='avia-image-container-inner'><div class='avia-image-overlay-wrap'><img class='avia_image ' src='https:\/\/golfshop-erlinghagen.com\/cms_2017\/wp-content\/uploads\/2023\/01\/TM-1.png' alt='' title='TM' height=\"112\"width=\"450\"  itemprop=\"thumbnailUrl\"  \/><\/div><\/div><\/div><\/div>\n<div  class='hr hr-default  '><span class='hr-inner ' ><span class='hr-inner-style'><\/span><\/span><\/div>\n<div class=\"flex_column av_one_half  flex_column_div av-zero-column-padding first  \" style='border-radius:0px; '><section class=\"av_textblock_section \"  itemscope=\"itemscope\" itemtype=\"https:\/\/schema.org\/CreativeWork\" ><div class='avia_textblock  '   itemprop=\"text\" ><p><span style=\"font-size: 20px;\"><strong>FITTING<\/strong><\/span><\/p>\n<p><span style=\"color: #000000;\">Eisen (ca. 1h)\u00a0\u00a0\u00a0\u00a0\u00a0\u00a0\u00a0\u00a0\u00a0\u00a0\u00a0\u00a0 49\u20ac<\/span><\/p>\n<p><span style=\"color: #000000;\">H\u00f6lzer (ca. 1h)\u00a0\u00a0\u00a0\u00a0\u00a0\u00a0\u00a0\u00a0\u00a0\u00a0 49\u20ac<\/span><\/p>\n<p><span style=\"color: #000000;\">Komplett (ca. 1,5h)\u00a0\u00a0\u00a0 79\u20ac<\/span><\/p>\n<p><span style=\"color: #000000;\">Ab einer Bestellung im Warenwert von 500\u20ac entfallen die Fitting-Geb\u00fchren.<\/span><\/p>\n<\/div><\/section><\/div><div class=\"flex_column av_one_half  flex_column_div av-zero-column-padding   \" style='border-radius:0px; '><section class=\"av_textblock_section \"  itemscope=\"itemscope\" itemtype=\"https:\/\/schema.org\/CreativeWork\" ><div class='avia_textblock  '   itemprop=\"text\" ><p><span style=\"font-size: 20px;\"><strong>Vereinbaren Sie jetzt einen Termin:<\/strong><\/span><\/p>\n<p><span style=\"color: #000000;\">Telefon:\u00a0\u00a0\u00a0 02056 921787<\/span><\/p>\n<p><span style=\"color: #000000;\">Mobil: \u00a0\u00a0 \u00a0\u00a0 0170 5272028<\/span><\/p>\n<p><span style=\"color: #000000;\">Mail:\u00a0\u00a0 alex@golfshop-erlinghagen.com<\/span><\/p>\n<\/div><\/section><\/div><div  class='hr hr-default  '><span class='hr-inner ' ><span class='hr-inner-style'><\/span><\/span><\/div><\/p>\n<section class=\"avia_codeblock_section  avia_code_block_0\"  itemscope=\"itemscope\" itemtype=\"https:\/\/schema.org\/CreativeWork\" ><div class='avia_codeblock '  itemprop=\"text\" > [avia_codeblock_placeholder uid=\"0\"] <\/div><\/section>\n<section class=\"av_textblock_section \"  itemscope=\"itemscope\" itemtype=\"https:\/\/schema.org\/CreativeWork\" ><div class='avia_textblock  '   itemprop=\"text\" ><p>Klicke hier, um Ihren eigenen Text einzuf\u00fcgen<\/p>\n<\/div><\/section>\n","protected":false},"excerpt":{"rendered":"","protected":false},"author":1,"featured_media":0,"parent":0,"menu_order":0,"comment_status":"closed","ping_status":"closed","template":"","meta":[],"_links":{"self":[{"href":"https:\/\/golfshop-erlinghagen.com\/cms_2017\/wp-json\/wp\/v2\/pages\/257"}],"collection":[{"href":"https:\/\/golfshop-erlinghagen.com\/cms_2017\/wp-json\/wp\/v2\/pages"}],"about":[{"href":"https:\/\/golfshop-erlinghagen.com\/cms_2017\/wp-json\/wp\/v2\/types\/page"}],"author":[{"embeddable":true,"href":"https:\/\/golfshop-erlinghagen.com\/cms_2017\/wp-json\/wp\/v2\/users\/1"}],"replies":[{"embeddable":true,"href":"https:\/\/golfshop-erlinghagen.com\/cms_2017\/wp-json\/wp\/v2\/comments?post=257"}],"version-history":[{"count":10,"href":"https:\/\/golfshop-erlinghagen.com\/cms_2017\/wp-json\/wp\/v2\/pages\/257\/revisions"}],"predecessor-version":[{"id":685,"href":"https:\/\/golfshop-erlinghagen.com\/cms_2017\/wp-json\/wp\/v2\/pages\/257\/revisions\/685"}],"wp:attachment":[{"href":"https:\/\/golfshop-erlinghagen.com\/cms_2017\/wp-json\/wp\/v2\/media?parent=257"}],"curies":[{"name":"wp","href":"https:\/\/api.w.org\/{rel}","templated":true}]}}